{"id":102,"date":"2024-10-30T19:32:52","date_gmt":"2024-10-30T19:32:52","guid":{"rendered":"http:\/\/shmuel"},"modified":"2024-10-31T13:00:14","modified_gmt":"2024-10-31T13:00:14","slug":"product-title","status":"publish","type":"product","link":"https:\/\/ecom-webhosting.com\/abomin\/?product=product-title","title":{"rendered":"Abomin Superfine"},"content":{"rendered":"<p>Abomin (+ 80 elem) \u00e9s mechanikai hat\u00e1son alapul\u00f3 term\u00e9szetes, teljes lombt\u00e1pl\u00e1l\u00e1s. Cs\u00f6kkenti vagy megsz\u00fcnteti a hi\u00e1nyoss\u00e1gokat. T\u00e1pl\u00e1l\u00f3 \u00e9s mechanikai hat\u00e1s egyszerre.<\/p>\n","protected":false},"excerpt":{"rendered":"<div class=\"elementor-element elementor-element-c0b35da e-n-tabs-mobile elementor-widget elementor-widget-n-tabs\" data-id=\"c0b35da\" data-element_type=\"widget\" data-settings=\"{&quot;horizontal_scroll&quot;:&quot;disable&quot;}\" data-widget_type=\"nested-tabs.default\">\n<div class=\"elementor-widget-container\">\n<div class=\"e-n-tabs e-activated\" data-widget-number=\"202061274\" aria-label=\"Tabs. Open items with Enter or Space, close with Escape and navigate using the Arrow keys.\" data-touch-mode=\"false\">\n<div class=\"e-n-tabs-content\">\n<div id=\"e-n-tab-content-2020612741\" class=\"e-active elementor-element elementor-element-c684051 e-con-full e-flex e-con e-child\" role=\"tabpanel\" aria-labelledby=\"e-n-tab-title-2020612741\" data-tab-index=\"1\" data-id=\"c684051\" data-element_type=\"container\">\n<div class=\"elementor-element elementor-element-83c8351 e-flex e-con-boxed e-con e-child\" data-id=\"83c8351\" data-element_type=\"container\">\n<div class=\"e-con-inner\">\n<div class=\"elementor-element elementor-element-1fda254 elementor-widget elementor-widget-text-editor\" data-id=\"1fda254\" data-element_type=\"widget\" data-widget_type=\"text-editor.default\">\n<div class=\"elementor-widget-container\">\n<p>A SUPERFINE (k\u0151zetpor) fizikai szerkezet\u00e9nek k\u00f6sz\u00f6nhet\u0151en k\u00e9pes seg\u00edteni a n\u00f6v\u00e9nyt a h\u0151m\u00e9rs\u00e9klet-v\u00e1ltoz\u00e1sok ellen, mivel nagyon tart\u00f3s \u00e9s tapad\u00f3 bevonattal bor\u00edtja be. Fizikai jelleg\u00e9nek k\u00f6sz\u00f6nhet\u0151en a term\u00e9k a n\u00f6v\u00e9nyre gyakorolt k\u00f6zvetett hat\u00e1sa r\u00e9v\u00e9n megakad\u00e1lyozza a k\u00f3rokoz\u00f3k kialakul\u00e1s\u00e1t. A SUPERFINE (k\u0151zetpor) pufferel\u0151 hat\u00e1ssal is rendelkezik a pH-ra. Pozit\u00edv hat\u00e1sa k\u00fcl\u00f6n\u00f6sen a savas talajokon \u00e9rezhet\u0151.<\/p>\n<table id=\"footable_996\" class=\"foo-table ninja_footable foo_table_996 ninja_table_unique_id_1129675706_996 ui table nt_type_ajax_table celled striped vertical_centered footable-paging-right ninja_table_search_disabled footable footable-1 footable-paging breakpoint-lg\" style=\"box-sizing: border-box; background: #ffffff; width: 1146px; margin-block-end: 15px; font-size: 14px; border-spacing: 0px; border-collapse: separate; table-layout: auto; position: relative; margin: 0px 0px 1em; max-width: 100%; border: 1px solid rgba(34, 36, 38, 0.15); border-radius: 0.285714rem; box-shadow: none; color: rgba(0, 0, 0, 0.87); text-align: left; font-family: Inter, sans-serif; font-style: normal; font-variant-ligatures: normal; font-variant-caps: normal; font-weight: 400; letter-spacing: normal; orphans: 2; text-transform: none; widows: 2; word-spacing: 0px; -webkit-text-stroke-width: 0px; white-space: normal; text-decoration-thickness: initial; text-decoration-style: initial; text-decoration-color: initial;\" data-ninja_table_instance=\"ninja_table_instance_0\" data-footable_id=\"996\" data-filter-delay=\"1000\" aria-label=\"PRODOTTI -&gt; SUPERFINE\" data-unique_identifier=\"ninja_table_unique_id_1129675706_996\">\n<tbody>\n<tr class=\"ninja_table_row_0 nt_row_id_101\">\n<td class=\"ninja_column_0 ninja_clmn_nm_descrizione footable-first-visible\">Formula<br \/>\n(ppm)<\/td>\n<td class=\"ninja_column_1 ninja_clmn_nm_valore footable-last-visible\">P: 7200 \/ Mo: 0,4 \/ Mn: 1160,8 \/B: 1,29 Ca: 56200 \/ Mg: 16200 \/ Si: 3834 \/ S: 200 \/ Zn: 119 FE: 3952 \/ Co: 31 \/ Ni: 5,3 \/ Cu: 48,74 \/ K: 7200\u2026<\/td>\n<\/tr>\n<tr class=\"ninja_table_row_1 nt_row_id_105\">\n<td class=\"ninja_column_0 ninja_clmn_nm_descrizione footable-first-visible\">Megjelen\u00e9s<\/td>\n<td class=\"ninja_column_1 ninja_clmn_nm_valore footable-last-visible\">A talajr\u00e9szecsk\u00e9k alakja<\/td>\n<\/tr>\n<tr class=\"ninja_table_row_2 nt_row_id_102\">\n<td class=\"ninja_column_0 ninja_clmn_nm_descrizione footable-first-visible\">pH, 10 %-os oldat (potenciometri\u00e1s pH-m\u00e9r\u0151)<\/td>\n<td class=\"ninja_column_1 ninja_clmn_nm_valore footable-last-visible\">7.01<\/td>\n<\/tr>\n<tr class=\"ninja_table_row_3 nt_row_id_103\">\n<td class=\"ninja_column_0 ninja_clmn_nm_descrizione footable-first-visible\">Oldhat\u00f3s\u00e1g<\/td>\n<td class=\"ninja_column_1 ninja_clmn_nm_valore footable-last-visible\">V\u00edzben nem old\u00f3dik \u2013 teljesen old\u00f3dik (100%) a lev\u00e9len.<\/td>\n<\/tr>\n<tr class=\"ninja_table_row_4 nt_row_id_108\">\n<td class=\"ninja_column_0 ninja_clmn_nm_descrizione footable-first-visible\">Szemcsem\u00e9ret (TYLER Standart 1910 sz\u0171r\u0151)<\/td>\n<td class=\"ninja_column_1 ninja_clmn_nm_valore footable-last-visible\">44 mikron \u2013 0,044 millim\u00e9ter (mm)<\/td>\n<\/tr>\n<tr class=\"ninja_table_row_5 nt_row_id_109\">\n<td class=\"ninja_column_0 ninja_clmn_nm_descrizione footable-first-visible\">Toxicit\u00e1s<\/td>\n<td class=\"ninja_column_1 ninja_clmn_nm_valore footable-last-visible\">Semmi<\/td>\n<\/tr>\n<tr class=\"ninja_table_row_6 nt_row_id_110\">\n<td class=\"ninja_column_0 ninja_clmn_nm_descrizione footable-first-visible\">P\u00e1ratartalom (s\u00falyvesztes\u00e9g 105\u00baC-on)<\/td>\n<td class=\"ninja_column_1 ninja_clmn_nm_valore footable-last-visible\">1,83 g\/100g<\/td>\n<\/tr>\n<tr class=\"ninja_table_row_7 nt_row_id_111\">\n<td class=\"ninja_column_0 ninja_clmn_nm_descrizione footable-first-visible\">Biol\u00f3giai lebonthat\u00f3s\u00e1g<\/td>\n<td class=\"ninja_column_1 ninja_clmn_nm_valore footable-last-visible\">100%<\/td>\n<\/tr>\n<tr class=\"ninja_table_row_8 nt_row_id_112\">\n<td class=\"ninja_column_0 ninja_clmn_nm_descrizione footable-first-visible\">S\u0171r\u0171s\u00e9g<\/td>\n<td class=\"ninja_column_1 ninja_clmn_nm_valore footable-last-visible\">1.68 gr\/cm3<\/td>\n<\/tr>\n<tr class=\"ninja_table_row_9 nt_row_id_104\">\n<td class=\"ninja_column_0 ninja_clmn_nm_descrizione footable-first-visible\">Nyersanyagok: Abomin, z\u00f6lds\u00e9gpog\u00e1csa<\/td>\n<\/tr>\n<\/tbody>\n<\/table>\n<\/div>\n<\/div>\n<\/div>\n<\/div>\n<\/div>\n<\/div>\n<\/div>\n<\/div>\n<\/div>\n","protected":false},"featured_media":143,"comment_status":"open","ping_status":"closed","template":"","meta":[],"product_cat":[24],"product_tag":[],"class_list":{"0":"post-102","1":"product","2":"type-product","3":"status-publish","4":"has-post-thumbnail","6":"product_cat-uncategorized","8":"first","9":"instock","10":"shipping-taxable","11":"purchasable","12":"product-type-simple"},"_links":{"self":[{"href":"https:\/\/ecom-webhosting.com\/abomin\/index.php?rest_route=\/wp\/v2\/product\/102","targetHints":{"allow":["GET"]}}],"collection":[{"href":"https:\/\/ecom-webhosting.com\/abomin\/index.php?rest_route=\/wp\/v2\/product"}],"about":[{"href":"https:\/\/ecom-webhosting.com\/abomin\/index.php?rest_route=\/wp\/v2\/types\/product"}],"replies":[{"embeddable":true,"href":"https:\/\/ecom-webhosting.com\/abomin\/index.php?rest_route=%2Fwp%2Fv2%2Fcomments&post=102"}],"wp:featuredmedia":[{"embeddable":true,"href":"https:\/\/ecom-webhosting.com\/abomin\/index.php?rest_route=\/wp\/v2\/media\/143"}],"wp:attachment":[{"href":"https:\/\/ecom-webhosting.com\/abomin\/index.php?rest_route=%2Fwp%2Fv2%2Fmedia&parent=102"}],"wp:term":[{"taxonomy":"product_cat","embeddable":true,"href":"https:\/\/ecom-webhosting.com\/abomin\/index.php?rest_route=%2Fwp%2Fv2%2Fproduct_cat&post=102"},{"taxonomy":"product_tag","embeddable":true,"href":"https:\/\/ecom-webhosting.com\/abomin\/index.php?rest_route=%2Fwp%2Fv2%2Fproduct_tag&post=102"}],"curies":[{"name":"wp","href":"https:\/\/api.w.org\/{rel}","templated":true}]}}