{"id":73,"date":"2024-10-30T19:32:48","date_gmt":"2024-10-30T19:32:48","guid":{"rendered":"https:\/\/ecom-webhosting.com\/abomin\/?page_id=73"},"modified":"2024-10-30T19:32:54","modified_gmt":"2024-10-30T19:32:54","slug":"cart","status":"publish","type":"page","link":"https:\/\/ecom-webhosting.com\/abomin\/?page_id=73","title":{"rendered":"Cart"},"content":{"rendered":"\t\t<div data-elementor-type=\"wp-page\" data-elementor-id=\"73\" class=\"elementor elementor-73\" data-elementor-post-type=\"page\">\n\t\t\t\t<div class=\"elementor-element elementor-element-651b0ed8 e-flex e-con-boxed e-con e-parent\" data-id=\"651b0ed8\" data-element_type=\"container\" data-settings=\"{&quot;background_background&quot;:&quot;classic&quot;}\">\n\t\t\t\t\t<div class=\"e-con-inner\">\n\t\t\t\t<div class=\"elementor-element elementor-element-502e5987 elementor-widget-mobile__width-inherit e-cart-layout-two-column elementor-widget elementor-widget-woocommerce-cart\" data-id=\"502e5987\" data-element_type=\"widget\" data-settings=\"{&quot;sticky_right_column&quot;:&quot;yes&quot;}\" data-widget_type=\"woocommerce-cart.default\">\n\t\t\t\t<div class=\"elementor-widget-container\">\n\t\t\t<div class=\"woocommerce\"><div class=\"woocommerce-notices-wrapper\"><\/div><div class=\"wc-empty-cart-message\">\n\t<div class=\"cart-empty woocommerce-info\">\n\t\tYour cart is currently empty.\t<\/div>\n<\/div>\t<p class=\"return-to-shop\">\n\t\t<a class=\"button wc-backward\" href=\"https:\/\/ecom-webhosting.com\/abomin\/?page_id=86\">\n\t\t\tReturn to shop\t\t<\/a>\n\t<\/p>\n<\/div>\t\t<\/div>\n\t\t\t\t<\/div>\n\t\t\t\t\t<\/div>\n\t\t\t\t<\/div>\n\t\t\t\t<\/div>\n\t\t","protected":false},"excerpt":{"rendered":"<p>Jelenleg \u00fcres a bev\u00e1s\u00e1rl\u00f3kos\u00e1r. V\u00e1s\u00e1rl\u00e1s folytat\u00e1sa<\/p>\n","protected":false},"author":1,"featured_media":76,"parent":0,"menu_order":0,"comment_status":"closed","ping_status":"closed","template":"elementor_header_footer","meta":{"footnotes":""},"class_list":["post-73","page","type-page","status-publish","has-post-thumbnail","hentry"],"_links":{"self":[{"href":"https:\/\/ecom-webhosting.com\/abomin\/index.php?rest_route=\/wp\/v2\/pages\/73","targetHints":{"allow":["GET"]}}],"collection":[{"href":"https:\/\/ecom-webhosting.com\/abomin\/index.php?rest_route=\/wp\/v2\/pages"}],"about":[{"href":"https:\/\/ecom-webhosting.com\/abomin\/index.php?rest_route=\/wp\/v2\/types\/page"}],"author":[{"embeddable":true,"href":"https:\/\/ecom-webhosting.com\/abomin\/index.php?rest_route=\/wp\/v2\/users\/1"}],"replies":[{"embeddable":true,"href":"https:\/\/ecom-webhosting.com\/abomin\/index.php?rest_route=%2Fwp%2Fv2%2Fcomments&post=73"}],"version-history":[{"count":4,"href":"https:\/\/ecom-webhosting.com\/abomin\/index.php?rest_route=\/wp\/v2\/pages\/73\/revisions"}],"predecessor-version":[{"id":137,"href":"https:\/\/ecom-webhosting.com\/abomin\/index.php?rest_route=\/wp\/v2\/pages\/73\/revisions\/137"}],"wp:featuredmedia":[{"embeddable":true,"href":"https:\/\/ecom-webhosting.com\/abomin\/index.php?rest_route=\/wp\/v2\/media\/76"}],"wp:attachment":[{"href":"https:\/\/ecom-webhosting.com\/abomin\/index.php?rest_route=%2Fwp%2Fv2%2Fmedia&parent=73"}],"curies":[{"name":"wp","href":"https:\/\/api.w.org\/{rel}","templated":true}]}}